{"id":75,"date":"2019-04-26T18:07:22","date_gmt":"2019-04-26T16:07:22","guid":{"rendered":"https:\/\/www.steinkorb-zenter.ch\/?page_id=75"},"modified":"2021-02-06T18:22:13","modified_gmt":"2021-02-06T17:22:13","slug":"wir-ueber-uns","status":"publish","type":"page","link":"https:\/\/www.steinkorb-zenter.ch\/?page_id=75","title":{"rendered":"Wir \u00fcber uns"},"content":{"rendered":"<p>[et_pb_section fb_built=&#187;1&#8243; _builder_version=&#187;3.22&#8243; hover_enabled=&#187;0&#8243; sticky_enabled=&#187;0&#8243;][et_pb_row _builder_version=&#187;4.7.7&#8243; background_size=&#187;initial&#187; background_position=&#187;top_left&#187; background_repeat=&#187;repeat&#187; hover_enabled=&#187;0&#8243; custom_margin=&#187;-2px|auto||auto||&#187; custom_padding=&#187;29px|||||&#187; background_color=&#187;#0c71c3&#8243; sticky_enabled=&#187;0&#8243;][et_pb_column type=&#187;4_4&#8243; _builder_version=&#187;3.25&#8243; custom_padding=&#187;|||&#187; custom_padding__hover=&#187;|||&#187;][et_pb_text _builder_version=&#187;3.27.4&#8243; background_size=&#187;initial&#187; background_position=&#187;top_left&#187; background_repeat=&#187;repeat&#187;]<!-- divi:paragraph {\"textColor\":\"black\",\"style\":{\"typography\":{\"fontSize\":32}}} --><\/p>\n<p class=\"has-black-color has-text-color\" style=\"font-size:32px\"><strong>Wir \u00fcber uns<\/strong><\/p>\n<p><!-- \/divi:paragraph --><\/p>\n<p><!-- divi:paragraph {\"textColor\":\"black\",\"fontSize\":\"medium\"} --><\/p>\n<p class=\"has-black-color has-text-color has-medium-font-size\">Das Steinkorb-Zenter liegt im Solothurner Jura. <\/p>\n<p><!-- \/divi:paragraph --><\/p>\n<p><!-- divi:paragraph {\"textColor\":\"black\",\"fontSize\":\"medium\"} --><\/p>\n<p class=\"has-black-color has-text-color has-medium-font-size\">Hier fertigen wir Steink\u00f6rbe seit 2010, in der eigenen Werkstatt auf jeden Wunsch an. <\/p>\n<p><!-- \/divi:paragraph --><\/p>\n<p><!-- divi:paragraph {\"textColor\":\"black\",\"fontSize\":\"medium\"} --><\/p>\n<p class=\"has-black-color has-text-color has-medium-font-size\">Auf die Schweizer Pr\u00e4zision und Qualit\u00e4t so wie die Wertsch\u00f6pfung innerhalb der Schweiz legen wir grossen wert.<\/p>\n<p><!-- \/divi:paragraph --><\/p>\n<p><!-- divi:paragraph {\"textColor\":\"black\",\"fontSize\":\"medium\"} --><\/p>\n<p class=\"has-black-color has-text-color has-medium-font-size\">Wir sind ein Metall-Verarbeitender Betrieb, mit 2 Angestellten. <\/p>\n<p><!-- \/divi:paragraph --><\/p>\n<p><!-- divi:paragraph {\"textColor\":\"black\",\"fontSize\":\"medium\"} --><\/p>\n<p class=\"has-black-color has-text-color has-medium-font-size\">Die Montagen der Steink\u00f6rbe setzen wir gerne mit Ihrem Gartenbauer oder Baumeister um.&nbsp; <\/p>\n<p><!-- \/divi:paragraph -->[\/et_pb_text][\/et_pb_column][\/et_pb_row][\/et_pb_section]<\/p>\n","protected":false},"excerpt":{"rendered":"<p>[et_pb_section fb_built=&#187;1&#8243; _builder_version=&#187;3.22&#8243; hover_enabled=&#187;0&#8243; sticky_enabled=&#187;0&#8243;][et_pb_row _builder_version=&#187;4.7.7&#8243; background_size=&#187;initial&#187; background_position=&#187;top_left&#187; background_repeat=&#187;repeat&#187; hover_enabled=&#187;0&#8243; custom_margin=&#187;-2px|auto||auto||&#187; custom_padding=&#187;29px|||||&#187; background_color=&#187;#0c71c3&#8243; sticky_enabled=&#187;0&#8243;][et_pb_column type=&#187;4_4&#8243; _builder_version=&#187;3.25&#8243; custom_padding=&#187;|||&#187; custom_padding__hover=&#187;|||&#187;][et_pb_text _builder_version=&#187;3.27.4&#8243; background_size=&#187;initial&#187; background_position=&#187;top_left&#187; background_repeat=&#187;repeat&#187;] Wir \u00fcber uns Das Steinkorb-Zenter liegt im Solothurner Jura. Hier fertigen wir Steink\u00f6rbe seit 2010, in der eigenen Werkstatt auf jeden Wunsch an. Auf die Schweizer Pr\u00e4zision und Qualit\u00e4t so wie die Wertsch\u00f6pfung [&hellip;]<\/p>\n","protected":false},"author":1,"featured_media":0,"parent":0,"menu_order":0,"comment_status":"closed","ping_status":"closed","template":"","meta":{"_et_pb_use_builder":"on","_et_pb_old_content":"<!-- wp:paragraph {\"textColor\":\"black\",\"style\":{\"typography\":{\"fontSize\":32}}} -->\n<p class=\"has-black-color has-text-color\" style=\"font-size:32px\"><strong>Wir \u00fcber uns<\/strong><\/p>\n<!-- \/wp:paragraph -->\n\n<!-- wp:paragraph {\"textColor\":\"black\",\"fontSize\":\"medium\"} -->\n<p class=\"has-black-color has-text-color has-medium-font-size\">Das Steinkorb-Zenter liegt im Solothurner Jura. <\/p>\n<!-- \/wp:paragraph -->\n\n<!-- wp:paragraph {\"textColor\":\"black\",\"fontSize\":\"medium\"} -->\n<p class=\"has-black-color has-text-color has-medium-font-size\">Hier fertigen wir Steink\u00f6rbe seit 2010, in der eigenen Werkstatt auf jeden Wunsch an. <\/p>\n<!-- \/wp:paragraph -->\n\n<!-- wp:paragraph {\"textColor\":\"black\",\"fontSize\":\"medium\"} -->\n<p class=\"has-black-color has-text-color has-medium-font-size\">Auf die Schweizer Pr\u00e4zision und Qualit\u00e4t so wie die Wertsch\u00f6pfung innerhalb der Schweiz legen wir grossen wert.<\/p>\n<!-- \/wp:paragraph -->\n\n<!-- wp:paragraph {\"textColor\":\"black\",\"fontSize\":\"medium\"} -->\n<p class=\"has-black-color has-text-color has-medium-font-size\">Wir sind ein Metall-Verarbeitender Betrieb, mit 2 Angestellten. <\/p>\n<!-- \/wp:paragraph -->\n\n<!-- wp:paragraph {\"textColor\":\"black\",\"fontSize\":\"medium\"} -->\n<p class=\"has-black-color has-text-color has-medium-font-size\">Die Montagen der Steink\u00f6rbe setzen wir gerne mit Ihrem Gartenbauer oder Baumeister um.&nbsp; <\/p>\n<!-- \/wp:paragraph -->","_et_gb_content_width":""},"_links":{"self":[{"href":"https:\/\/www.steinkorb-zenter.ch\/index.php?rest_route=\/wp\/v2\/pages\/75"}],"collection":[{"href":"https:\/\/www.steinkorb-zenter.ch\/index.php?rest_route=\/wp\/v2\/pages"}],"about":[{"href":"https:\/\/www.steinkorb-zenter.ch\/index.php?rest_route=\/wp\/v2\/types\/page"}],"author":[{"embeddable":true,"href":"https:\/\/www.steinkorb-zenter.ch\/index.php?rest_route=\/wp\/v2\/users\/1"}],"replies":[{"embeddable":true,"href":"https:\/\/www.steinkorb-zenter.ch\/index.php?rest_route=%2Fwp%2Fv2%2Fcomments&post=75"}],"version-history":[{"count":9,"href":"https:\/\/www.steinkorb-zenter.ch\/index.php?rest_route=\/wp\/v2\/pages\/75\/revisions"}],"predecessor-version":[{"id":854,"href":"https:\/\/www.steinkorb-zenter.ch\/index.php?rest_route=\/wp\/v2\/pages\/75\/revisions\/854"}],"wp:attachment":[{"href":"https:\/\/www.steinkorb-zenter.ch\/index.php?rest_route=%2Fwp%2Fv2%2Fmedia&parent=75"}],"curies":[{"name":"wp","href":"https:\/\/api.w.org\/{rel}","templated":true}]}}