{"id":59,"date":"2019-04-25T23:51:51","date_gmt":"2019-04-25T21:51:51","guid":{"rendered":"https:\/\/www.steinkorb-zenter.ch\/?page_id=59"},"modified":"2025-08-13T08:07:32","modified_gmt":"2025-08-13T06:07:32","slug":"briefkasten","status":"publish","type":"page","link":"https:\/\/www.steinkorb-zenter.ch\/?page_id=59","title":{"rendered":"Briefkasten"},"content":{"rendered":"\n<p class=\"has-vivid-red-color has-text-color\" style=\"font-size:29px\"><strong>Unsere Lager-Briefkasten<\/strong><\/p>\n\n\n\n<p class=\"has-black-color has-text-color has-medium-font-size\"><strong>Briefkasten&nbsp; Typ \u00dcbersee<\/strong><\/p>\n\n\n\n<p class=\"has-black-color has-text-color\">Unser Lagermodell Einfacher Stahlbriefkasten Grau   <\/p>\n\n\n\n<figure class=\"wp-block-image size-large is-resized\"><img loading=\"lazy\" src=\"https:\/\/www.steinkorb-zenter.ch\/wp-content\/uploads\/2019\/04\/Typ-Uebersee-1024x768.jpg\" alt=\"\" class=\"wp-image-97\" width=\"402\" height=\"301\" srcset=\"https:\/\/www.steinkorb-zenter.ch\/wp-content\/uploads\/2019\/04\/Typ-Uebersee-1024x768.jpg 1024w, https:\/\/www.steinkorb-zenter.ch\/wp-content\/uploads\/2019\/04\/Typ-Uebersee-300x225.jpg 300w, https:\/\/www.steinkorb-zenter.ch\/wp-content\/uploads\/2019\/04\/Typ-Uebersee-768x576.jpg 768w, https:\/\/www.steinkorb-zenter.ch\/wp-content\/uploads\/2019\/04\/Typ-Uebersee.jpg 1200w\" sizes=\"(max-width: 402px) 100vw, 402px\" \/><\/figure>\n\n\n\n<p class=\"has-black-color has-text-color\">CHF       180.00 <\/p>\n\n\n\n<p class=\"has-black-color has-text-color\">Breite   415 mm&nbsp;&nbsp;&nbsp;&nbsp; H\u00f6he   310 mm&nbsp;&nbsp;&nbsp;&nbsp; Tiefe    330 mm     <\/p>\n\n\n\n<p class=\"has-black-color has-text-color\">___________________________________________________<\/p>\n\n\n\n<p class=\"has-black-color has-text-color has-medium-font-size\"><strong>Briefkasten\u00a0\u00a0 Stahl Dunkelgrau\/Anthrazite<\/strong><\/p>\n\n\n\n<div class=\"wp-container-1 wp-block-group\"><div class=\"wp-block-group__inner-container\">\n<figure class=\"wp-block-image size-large is-resized\"><img loading=\"lazy\" src=\"https:\/\/www.steinkorb-zenter.ch\/wp-content\/uploads\/2022\/02\/geneve_graumetallic.png\" alt=\"\" class=\"wp-image-1074\" width=\"390\" height=\"249\"\/><\/figure>\n<\/div><\/div>\n\n\n\n<p class=\"has-black-color has-text-color\">CHF&nbsp;&nbsp;&nbsp; 345.00<\/p>\n\n\n\n<p class=\"has-black-color has-text-color\">Breite 415mm&nbsp;&nbsp; H\u00f6he 310mm&nbsp;&nbsp; Tiefe 305mm<\/p>\n\n\n\n<p class=\"has-black-color has-text-color\">________________________________________________<\/p>\n\n\n\n<p class=\"has-black-color has-text-color has-medium-font-size\"><strong>Briefkasten&nbsp; Chromstahl geschliffen (Gstaad)<\/strong><\/p>\n\n\n\n<figure class=\"wp-block-image is-resized\"><img loading=\"lazy\" src=\"https:\/\/www.steinkorb-zenter.ch\/wp-content\/uploads\/2020\/04\/Huber-AG-Typ-Gstaad-Chromstahl-418x310.jpg\" alt=\"\" class=\"wp-image-388\" width=\"382\" height=\"255\" srcset=\"https:\/\/www.steinkorb-zenter.ch\/wp-content\/uploads\/2020\/04\/Huber-AG-Typ-Gstaad-Chromstahl-418x310.jpg 656w, https:\/\/www.steinkorb-zenter.ch\/wp-content\/uploads\/2020\/04\/Huber-AG-Typ-Gstaad-Chromstahl-418x310-300x200.jpg 300w\" sizes=\"(max-width: 382px) 100vw, 382px\" \/><\/figure>\n\n\n\n<p class=\"has-black-color has-text-color\">CHF&nbsp; 525.00<\/p>\n\n\n\n<p class=\"has-black-color has-text-color\">Breite 415mm&nbsp;&nbsp; H\u00f6he 310mm&nbsp;&nbsp; Tiefe 305mm<\/p>\n\n\n\n<p class=\"has-black-color has-text-color\">___________________________________________________________<\/p>\n\n\n\n<p class=\"has-black-color has-text-color has-medium-font-size\"><strong>Briefkasten&nbsp; Alu 400 Weiss<\/strong><\/p>\n\n\n\n<figure class=\"wp-block-image size-large is-resized\"><img loading=\"lazy\" src=\"https:\/\/www.steinkorb-zenter.ch\/wp-content\/uploads\/2022\/02\/produktbild-527-1521026309-bild-450.jpg\" alt=\"\" class=\"wp-image-1076\" width=\"367\" height=\"251\" srcset=\"https:\/\/www.steinkorb-zenter.ch\/wp-content\/uploads\/2022\/02\/produktbild-527-1521026309-bild-450.jpg 450w, https:\/\/www.steinkorb-zenter.ch\/wp-content\/uploads\/2022\/02\/produktbild-527-1521026309-bild-450-300x204.jpg 300w\" sizes=\"(max-width: 367px) 100vw, 367px\" \/><\/figure>\n\n\n\n<p class=\"has-black-color has-text-color\">CHF&nbsp; 720.00<\/p>\n\n\n\n<p class=\"has-black-color has-text-color\">Breite 415mm&nbsp;&nbsp; H\u00f6he 310mm&nbsp;&nbsp; Tiefe 305mm<\/p>\n\n\n\n<p class=\"has-black-color has-text-color\">___________________________________________________________<\/p>\n\n\n\n<p class=\"has-black-color has-text-color has-medium-font-size\"><strong> Zubeh\u00f6r<\/strong><\/p>\n\n\n\n<p class=\"has-black-color has-text-color\">Keine Werbung Schild     + CHF 18.00<br>Ausschnitt f\u00fcr Schl\u00fcsselzylinder: Kaba, Keso, SEA Stanzung + CHF 45.00.&nbsp;<br>Namensschild pro St\u00fcck mit Gravur, 1 Zeile CHF 32.00<br>Namensschild pro St\u00fcck mit Gravur, 2 Zeilen CHF 42.00<\/p>\n\n\n\n<p><\/p>\n\n\n\n<p class=\"has-black-color has-text-color\">Wir arbeiten eng mit dem Briefkastenhersteller Huber AG in B\u00fcsserach zusammen.<\/p>\n\n\n\n<p class=\"has-text-align-center has-black-color has-text-color\"><a href=\"\/?www.huber-ag.ch\">www.huber-ag.ch<\/a>     <\/p>\n\n\n\n<p class=\"has-black-color has-text-color\">Dort finden Sie eine grosse Auswahl von Briefkasten. Sei es aus Stahl, Chromstahl oder Aluminium und in verschiedenen Farben.     <\/p>\n\n\n\n<p class=\"has-black-color has-text-color\">Sie k\u00f6nnen sich dort einen Briefkasten ausw\u00e4hlen, den Rest Organisieren wir gerne.<\/p>\n","protected":false},"excerpt":{"rendered":"<p>Unsere Lager-Briefkasten Briefkasten&nbsp; Typ \u00dcbersee Unser Lagermodell Einfacher Stahlbriefkasten Grau CHF 180.00 Breite 415 mm&nbsp;&nbsp;&nbsp;&nbsp; H\u00f6he 310 mm&nbsp;&nbsp;&nbsp;&nbsp; Tiefe 330 mm ___________________________________________________ Briefkasten\u00a0\u00a0 Stahl Dunkelgrau\/Anthrazite CHF&nbsp;&nbsp;&nbsp; 345.00 Breite 415mm&nbsp;&nbsp; H\u00f6he 310mm&nbsp;&nbsp; Tiefe 305mm ________________________________________________ Briefkasten&nbsp; Chromstahl geschliffen (Gstaad) CHF&nbsp; 525.00 Breite 415mm&nbsp;&nbsp; H\u00f6he 310mm&nbsp;&nbsp; Tiefe 305mm ___________________________________________________________ Briefkasten&nbsp; Alu 400 Weiss CHF&nbsp; 720.00 Breite 415mm&nbsp;&nbsp; [&hellip;]<\/p>\n","protected":false},"author":1,"featured_media":0,"parent":0,"menu_order":0,"comment_status":"closed","ping_status":"closed","template":"","meta":{"_et_pb_use_builder":"off","_et_pb_old_content":"<!-- wp:paragraph {\"textColor\":\"vivid-red\",\"style\":{\"typography\":{\"fontSize\":29}}} -->\n<p class=\"has-vivid-red-color has-text-color\" style=\"font-size:29px\"><strong>Unsere Lager-Briefkasten<\/strong><\/p>\n<!-- \/wp:paragraph -->\n\n<!-- wp:paragraph {\"textColor\":\"black\",\"fontSize\":\"medium\"} -->\n<p class=\"has-black-color has-text-color has-medium-font-size\"><strong>Briefkasten\u00a0 Typ \u00dcbersee<\/strong><\/p>\n<!-- \/wp:paragraph -->\n\n<!-- wp:paragraph {\"textColor\":\"black\"} -->\n<p class=\"has-black-color has-text-color\">Unser Lagermodell Einfacher Stahlbriefkasten Grau   <\/p>\n<!-- \/wp:paragraph -->\n\n<!-- wp:image {\"id\":97,\"width\":464,\"height\":347,\"sizeSlug\":\"large\"} -->\n<figure class=\"wp-block-image size-large is-resized\"><img src=\"https:\/\/www.steinkorb-zenter.ch\/wp-content\/uploads\/2019\/04\/Typ-Uebersee-1024x768.jpg\" alt=\"\" class=\"wp-image-97\" width=\"464\" height=\"347\"\/><\/figure>\n<!-- \/wp:image -->\n\n<!-- wp:paragraph {\"textColor\":\"black\"} -->\n<p class=\"has-black-color has-text-color\">CHF       180.00 <\/p>\n<!-- \/wp:paragraph -->\n\n<!-- wp:paragraph {\"textColor\":\"black\"} -->\n<p class=\"has-black-color has-text-color\">Breite   415 mm&nbsp;&nbsp;&nbsp;&nbsp; H\u00f6he   310 mm&nbsp;&nbsp;&nbsp;&nbsp; Tiefe    330 mm     <\/p>\n<!-- \/wp:paragraph -->\n\n<!-- wp:paragraph {\"textColor\":\"black\"} -->\n<p class=\"has-black-color has-text-color\">___________________________________________________<\/p>\n<!-- \/wp:paragraph -->\n\n<!-- wp:paragraph {\"textColor\":\"black\",\"fontSize\":\"medium\"} -->\n<p class=\"has-black-color has-text-color has-medium-font-size\"><strong>Briefkasten\u00a0\u00a0 Stahl Anthrazit\/Dunkelgrau<\/strong><\/p>\n<!-- \/wp:paragraph -->\n\n<!-- wp:group -->\n<div class=\"wp-block-group\"><div class=\"wp-block-group__inner-container\"><!-- wp:image {\"id\":386,\"width\":433,\"height\":380} -->\n<figure class=\"wp-block-image is-resized\"><img src=\"https:\/\/www.steinkorb-zenter.ch\/wp-content\/uploads\/2020\/04\/Huber-Antraziet-Dunkelgrau-Stahl-307.jpg\" alt=\"\" class=\"wp-image-386\" width=\"433\" height=\"380\"\/><\/figure>\n<!-- \/wp:image --><\/div><\/div>\n<!-- \/wp:group -->\n\n<!-- wp:paragraph {\"textColor\":\"black\"} -->\n<p class=\"has-black-color has-text-color\">CHF&nbsp;&nbsp;&nbsp; 307.00<\/p>\n<!-- \/wp:paragraph -->\n\n<!-- wp:paragraph {\"textColor\":\"black\"} -->\n<p class=\"has-black-color has-text-color\">Breite 415mm&nbsp;&nbsp; H\u00f6he 310mm&nbsp;&nbsp; Tiefe 305mm<\/p>\n<!-- \/wp:paragraph -->\n\n<!-- wp:paragraph {\"textColor\":\"black\"} -->\n<p class=\"has-black-color has-text-color\">________________________________________________<\/p>\n<!-- \/wp:paragraph -->\n\n<!-- wp:paragraph {\"textColor\":\"black\",\"fontSize\":\"medium\"} -->\n<p class=\"has-black-color has-text-color has-medium-font-size\"><strong>Briefkasten\u00a0 Chromstahl geschliffen (Gstaad)<\/strong><\/p>\n<!-- \/wp:paragraph -->\n\n<!-- wp:image {\"id\":388,\"width\":483,\"height\":322} -->\n<figure class=\"wp-block-image is-resized\"><img src=\"https:\/\/www.steinkorb-zenter.ch\/wp-content\/uploads\/2020\/04\/Huber-AG-Typ-Gstaad-Chromstahl-418x310.jpg\" alt=\"\" class=\"wp-image-388\" width=\"483\" height=\"322\"\/><\/figure>\n<!-- \/wp:image -->\n\n<!-- wp:paragraph {\"textColor\":\"black\"} -->\n<p class=\"has-black-color has-text-color\">CHF&nbsp; 445.00<\/p>\n<!-- \/wp:paragraph -->\n\n<!-- wp:paragraph {\"textColor\":\"black\"} -->\n<p class=\"has-black-color has-text-color\">Breite 415mm&nbsp;&nbsp; H\u00f6he 310mm&nbsp;&nbsp; Tiefe 305mm<\/p>\n<!-- \/wp:paragraph -->\n\n<!-- wp:paragraph {\"textColor\":\"black\"} -->\n<p class=\"has-black-color has-text-color\">___________________________________________________________<\/p>\n<!-- \/wp:paragraph -->\n\n<!-- wp:paragraph {\"textColor\":\"black\"} -->\n<p class=\"has-black-color has-text-color\">Wir arbeiten eng mit dem Briefkastenhersteller Huber AG in B\u00fcsserach zusammen.<\/p>\n<!-- \/wp:paragraph -->\n\n<!-- wp:paragraph {\"align\":\"center\",\"textColor\":\"black\"} -->\n<p class=\"has-text-align-center has-black-color has-text-color\"><a href=\"\/?www.huber-ag.ch\">www.huber-ag.ch<\/a>     <\/p>\n<!-- \/wp:paragraph -->\n\n<!-- wp:paragraph {\"textColor\":\"black\"} -->\n<p class=\"has-black-color has-text-color\">Dort finden Sie eine grosse Auswahl von Briefkasten. Sei es aus Stahl, Chromstahl oder Aluminium und in verschiedenen Farben.     <\/p>\n<!-- \/wp:paragraph -->\n\n<!-- wp:paragraph {\"textColor\":\"black\"} -->\n<p class=\"has-black-color has-text-color\">Sie k\u00f6nnen sich dort einen Briefkasten ausw\u00e4hlen, den Rest Organisieren wir gerne.<\/p>\n<!-- \/wp:paragraph -->","_et_gb_content_width":""},"_links":{"self":[{"href":"https:\/\/www.steinkorb-zenter.ch\/index.php?rest_route=\/wp\/v2\/pages\/59"}],"collection":[{"href":"https:\/\/www.steinkorb-zenter.ch\/index.php?rest_route=\/wp\/v2\/pages"}],"about":[{"href":"https:\/\/www.steinkorb-zenter.ch\/index.php?rest_route=\/wp\/v2\/types\/page"}],"author":[{"embeddable":true,"href":"https:\/\/www.steinkorb-zenter.ch\/index.php?rest_route=\/wp\/v2\/users\/1"}],"replies":[{"embeddable":true,"href":"https:\/\/www.steinkorb-zenter.ch\/index.php?rest_route=%2Fwp%2Fv2%2Fcomments&post=59"}],"version-history":[{"count":29,"href":"https:\/\/www.steinkorb-zenter.ch\/index.php?rest_route=\/wp\/v2\/pages\/59\/revisions"}],"predecessor-version":[{"id":1363,"href":"https:\/\/www.steinkorb-zenter.ch\/index.php?rest_route=\/wp\/v2\/pages\/59\/revisions\/1363"}],"wp:attachment":[{"href":"https:\/\/www.steinkorb-zenter.ch\/index.php?rest_route=%2Fwp%2Fv2%2Fmedia&parent=59"}],"curies":[{"name":"wp","href":"https:\/\/api.w.org\/{rel}","templated":true}]}}