{"id":537,"date":"2020-07-12T13:39:55","date_gmt":"2020-07-12T11:39:55","guid":{"rendered":"https:\/\/www.steinkorb-zenter.ch\/?page_id=537"},"modified":"2023-02-25T16:51:50","modified_gmt":"2023-02-25T15:51:50","slug":"weg-rasen-bord-kanten-aus-cor-ten-stahl","status":"publish","type":"page","link":"https:\/\/www.steinkorb-zenter.ch\/?page_id=537","title":{"rendered":"Weg-, Rasen-,Bord-Kanten aus Cor-Ten Stahl"},"content":{"rendered":"\n<p class=\"has-black-color has-text-color has-medium-font-size\"><strong>Weg und Rasenkanten aus Corten-Stahl<\/strong><\/p>\n\n\n\n<p class=\"has-black-color has-text-color\">Corten-Stahl Weg und Rasenkanten sind h\u00e4rter als gew\u00f6hnlicher Stahl und rostet zu einer sch\u00f6nen, einheitlichen r\u00f6tlichen Farbe. Der Vorteil von Corten-Stahl im Gegensatz zu gew\u00f6hnlichem Eisen ist, dass Corten-Stahl nur an der Oberfl\u00e4che rostet, wohingegen gew\u00f6hnliches Eisen auch in der Tiefe rostet. Dies gew\u00e4hrt eine lange Haltbarkeit des Corten-Stahls.<\/p>\n\n\n\n<p class=\"has-black-color has-text-color\">-Exklusive Eisenkanten f\u00fcr Gartenbeete.<br>-Gibt eine sch\u00f6ne, scharfe Kante zwischen z.B. Beet und Rasen.<br>-Rostet schnell zu einer Farbe, die sch\u00f6n in den Garten passt.<\/p>\n\n\n\n<div class=\"wp-container-3 wp-block-group\"><div class=\"wp-block-group__inner-container\">\n<figure class=\"wp-container-2 wp-block-gallery-1 wp-block-gallery has-nested-images columns-default is-cropped\">\n<figure class=\"wp-block-image size-large\"><img loading=\"lazy\" width=\"1024\" height=\"768\" src=\"https:\/\/www.steinkorb-zenter.ch\/wp-content\/uploads\/2021\/07\/IMG_20210711_104418_3-1024x768.jpg\" alt=\"\" class=\"wp-image-1014\" srcset=\"https:\/\/www.steinkorb-zenter.ch\/wp-content\/uploads\/2021\/07\/IMG_20210711_104418_3-980x735.jpg 980w, https:\/\/www.steinkorb-zenter.ch\/wp-content\/uploads\/2021\/07\/IMG_20210711_104418_3-480x360.jpg 480w\" sizes=\"(min-width: 0px) and (max-width: 480px) 480px, (min-width: 481px) and (max-width: 980px) 980px, (min-width: 981px) 1024px, 100vw\" \/><\/figure>\n\n\n\n<figure class=\"wp-block-image size-large\"><img loading=\"lazy\" width=\"1024\" height=\"501\" src=\"https:\/\/www.steinkorb-zenter.ch\/wp-content\/uploads\/2021\/09\/IMG_20210705_165307_4-1024x501.jpg\" alt=\"\" class=\"wp-image-1044\" srcset=\"https:\/\/www.steinkorb-zenter.ch\/wp-content\/uploads\/2021\/09\/IMG_20210705_165307_4-980x479.jpg 980w, https:\/\/www.steinkorb-zenter.ch\/wp-content\/uploads\/2021\/09\/IMG_20210705_165307_4-480x235.jpg 480w\" sizes=\"(min-width: 0px) and (max-width: 480px) 480px, (min-width: 481px) and (max-width: 980px) 980px, (min-width: 981px) 1024px, 100vw\" \/><\/figure>\n<\/figure>\n<\/div><\/div>\n\n\n\n<figure class=\"wp-block-image size-large\"><img loading=\"lazy\" width=\"1024\" height=\"454\" src=\"https:\/\/www.steinkorb-zenter.ch\/wp-content\/uploads\/2021\/07\/IMG_20210705_165255_1-Top-1024x454.jpg\" alt=\"\" class=\"wp-image-1011\" srcset=\"https:\/\/www.steinkorb-zenter.ch\/wp-content\/uploads\/2021\/07\/IMG_20210705_165255_1-Top-980x434.jpg 980w, https:\/\/www.steinkorb-zenter.ch\/wp-content\/uploads\/2021\/07\/IMG_20210705_165255_1-Top-480x213.jpg 480w\" sizes=\"(min-width: 0px) and (max-width: 480px) 480px, (min-width: 481px) and (max-width: 980px) 980px, (min-width: 981px) 1024px, 100vw\" \/><\/figure>\n\n\n\n<p class=\"has-black-color has-text-color has-normal-font-size\">                                          <\/p>\n\n\n\n<p class=\"has-black-color has-text-color\">Da die Preise im Stahl- und Corten-Stahl segment zurzeit stark Vaieren, k\u00f6nnen wir keine Preisangaben Puplizieren.<\/p>\n\n\n\n<p class=\"has-black-color has-text-color\">Bitten Kontaktieren Sie uns f\u00fcr Preisanfragen per Mail.<\/p>\n\n\n\n<p class=\"has-black-color has-text-color\"><\/p>\n\n\n\n<p><\/p>\n\n\n\n<p class=\"has-black-color has-text-color\">Bodenbefestigung pro Nagel angeschweisst 200mm        Fr.   9.00<\/p>\n\n\n\n<p class=\"has-black-color has-text-color\">Winkel Geschweisst                                                                   Fr. 25.00<\/p>\n\n\n\n<p class=\"has-black-color has-text-color\">Weg-Bogen (Radius) pro Lm                                                   Fr. 45.00<\/p>\n\n\n\n<p class=\"has-black-color has-text-color\">Verbindungen Geschraubt                                                       Fr. 28.00<\/p>\n\n\n\n<p class=\"has-black-color has-text-color\"><\/p>\n\n\n\n<p><\/p>\n\n\n\n<p class=\"has-black-color has-text-color has-medium-font-size\"><strong>Rasen-Beet- oder Weg Umrandung aus Stahl<\/strong><\/p>\n\n\n\n<p class=\"has-black-color has-text-color\"> Eine solch dekorative Rasenkante aus Stahlbeziehungsweise so ein Flacheisen bietet viele Vorteile. So versperrt eine M\u00e4hkante aus Metall beispielsweise auch so mancher gefr\u00e4\u00dfigen Schnecke den Weg und sorgt daf\u00fcr, dass Du Dein Gem\u00fcse selber essen kannst.<\/p>\n\n\n\n<div class=\"wp-container-15 wp-block-group\"><div class=\"wp-block-group__inner-container\">\n<div class=\"wp-container-14 wp-block-columns\">\n<div class=\"wp-container-13 wp-block-column\" style=\"flex-basis:100%\">\n<div class=\"wp-container-12 wp-block-columns\">\n<div class=\"wp-container-11 wp-block-column\" style=\"flex-basis:100%\">\n<div class=\"wp-container-10 wp-block-group\"><div class=\"wp-block-group__inner-container\">\n<div class=\"wp-container-9 wp-block-group\"><div class=\"wp-block-group__inner-container\">\n<div class=\"wp-container-8 wp-block-group\"><div class=\"wp-block-group__inner-container\">\n<div class=\"wp-container-7 wp-block-columns\">\n<div class=\"wp-container-6 wp-block-column\" style=\"flex-basis:100%\">\n<figure class=\"wp-container-5 wp-block-gallery-4 wp-block-gallery has-nested-images columns-default is-cropped\">\n<figure class=\"wp-block-image size-large is-resized\"><img loading=\"lazy\" src=\"https:\/\/www.steinkorb-zenter.ch\/wp-content\/uploads\/2022\/04\/Blumenbeet-Umrandung-Stahl-rotated.jpg\" alt=\"\" class=\"wp-image-1132\" width=\"271\" height=\"361\" srcset=\"https:\/\/www.steinkorb-zenter.ch\/wp-content\/uploads\/2022\/04\/Blumenbeet-Umrandung-Stahl-rotated.jpg 480w, https:\/\/www.steinkorb-zenter.ch\/wp-content\/uploads\/2022\/04\/Blumenbeet-Umrandung-Stahl-225x300.jpg 225w\" sizes=\"(max-width: 271px) 100vw, 271px\" \/><\/figure>\n<\/figure>\n<\/div>\n<\/div>\n<\/div><\/div>\n<\/div><\/div>\n<\/div><\/div>\n\n\n\n<figure class=\"wp-block-image\"><img alt=\"\"\/><\/figure>\n<\/div>\n<\/div>\n<\/div>\n<\/div>\n<\/div><\/div>\n\n\n\n<p><\/p>\n","protected":false},"excerpt":{"rendered":"<p>Weg und Rasenkanten aus Corten-Stahl Corten-Stahl Weg und Rasenkanten sind h\u00e4rter als gew\u00f6hnlicher Stahl und rostet zu einer sch\u00f6nen, einheitlichen r\u00f6tlichen Farbe. Der Vorteil von Corten-Stahl im Gegensatz zu gew\u00f6hnlichem Eisen ist, dass Corten-Stahl nur an der Oberfl\u00e4che rostet, wohingegen gew\u00f6hnliches Eisen auch in der Tiefe rostet. Dies gew\u00e4hrt eine lange Haltbarkeit des Corten-Stahls. -Exklusive [&hellip;]<\/p>\n","protected":false},"author":1,"featured_media":0,"parent":0,"menu_order":0,"comment_status":"closed","ping_status":"closed","template":"","meta":{"_et_pb_use_builder":"off","_et_pb_old_content":"<!-- wp:paragraph {\"textColor\":\"black\",\"fontSize\":\"medium\"} -->\n<p class=\"has-black-color has-text-color has-medium-font-size\"><strong>Weg und Rasenkanten<\/strong><\/p>\n<!-- \/wp:paragraph -->\n\n<!-- wp:group -->\n<div class=\"wp-block-group\"><div class=\"wp-block-group__inner-container\"><!-- wp:gallery {\"ids\":[1014,1044],\"linkTo\":\"none\"} -->\n<figure class=\"wp-block-gallery columns-2 is-cropped\"><ul class=\"blocks-gallery-grid\"><li class=\"blocks-gallery-item\"><figure><img src=\"https:\/\/www.steinkorb-zenter.ch\/wp-content\/uploads\/2021\/07\/IMG_20210711_104418_3-1024x768.jpg\" alt=\"\" data-id=\"1014\" class=\"wp-image-1014\"\/><\/figure><\/li><li class=\"blocks-gallery-item\"><figure><img src=\"https:\/\/www.steinkorb-zenter.ch\/wp-content\/uploads\/2021\/09\/IMG_20210705_165307_4-1024x501.jpg\" alt=\"\" data-id=\"1044\" data-full-url=\"https:\/\/www.steinkorb-zenter.ch\/wp-content\/uploads\/2021\/09\/IMG_20210705_165307_4-scaled.jpg\" data-link=\"https:\/\/www.steinkorb-zenter.ch\/?attachment_id=1044\" class=\"wp-image-1044\"\/><\/figure><\/li><\/ul><\/figure>\n<!-- \/wp:gallery --><\/div><\/div>\n<!-- \/wp:group -->\n\n<!-- wp:image {\"id\":1011,\"sizeSlug\":\"large\",\"linkDestination\":\"none\"} -->\n<figure class=\"wp-block-image size-large\"><img src=\"https:\/\/www.steinkorb-zenter.ch\/wp-content\/uploads\/2021\/07\/IMG_20210705_165255_1-Top-1024x454.jpg\" alt=\"\" class=\"wp-image-1011\"\/><\/figure>\n<!-- \/wp:image -->\n\n<!-- wp:paragraph {\"textColor\":\"black\",\"fontSize\":\"normal\"} -->\n<p class=\"has-black-color has-text-color has-normal-font-size\">                                           <strong>Cor-Ten Stahl                                                  Baustahl<\/strong><\/p>\n<!-- \/wp:paragraph -->\n\n<!-- wp:paragraph {\"textColor\":\"black\"} -->\n<p class=\"has-black-color has-text-color\">                                              <strong> Dicke<\/strong>  <strong>2mm     10mm                                                   5mm       10mm<\/strong><\/p>\n<!-- \/wp:paragraph -->\n\n<!-- wp:paragraph {\"textColor\":\"black\"} -->\n<p class=\"has-black-color has-text-color\"><strong>1-10 Laufmeter<\/strong><\/p>\n<!-- \/wp:paragraph -->\n\n<!-- wp:paragraph {\"textColor\":\"black\"} -->\n<p class=\"has-black-color has-text-color\">H\u00f6he 100mm      Fr.\/Lm                12.00             65.00                                              11.00         28.00<\/p>\n<!-- \/wp:paragraph -->\n\n<!-- wp:paragraph {\"textColor\":\"black\"} -->\n<p class=\"has-black-color has-text-color\">H\u00f6he 200mm      Fr.\/Lm                35.00           125.00                                              23.00         47.00<\/p>\n<!-- \/wp:paragraph -->\n\n<!-- wp:paragraph {\"textColor\":\"black\"} -->\n<p class=\"has-black-color has-text-color\">H\u00f6he 300mm      Fr.\/Lm                75.00           172.00                                              34.00         75.00<\/p>\n<!-- \/wp:paragraph -->\n\n<!-- wp:paragraph {\"textColor\":\"black\"} -->\n<p class=\"has-black-color has-text-color\"><strong>11-20 Laufmeter<\/strong><\/p>\n<!-- \/wp:paragraph -->\n\n<!-- wp:paragraph {\"textColor\":\"black\"} -->\n<p class=\"has-black-color has-text-color\">H\u00f6he 100mm      Fr.\/Lm                11.00             62.00                                              10.00        26.00<\/p>\n<!-- \/wp:paragraph -->\n\n<!-- wp:paragraph {\"textColor\":\"black\"} -->\n<p class=\"has-black-color has-text-color\">H\u00f6he 200mm      Fr.\/Lm                33.00           119.00                                             20.00         45.00<\/p>\n<!-- \/wp:paragraph -->\n\n<!-- wp:paragraph {\"textColor\":\"black\"} -->\n<p class=\"has-black-color has-text-color\">H\u00f6he 300mm      Fr.\/Lm                72.00           165.00                                             30.00        72.00<\/p>\n<!-- \/wp:paragraph -->\n\n<!-- wp:paragraph {\"textColor\":\"black\"} -->\n<p class=\"has-black-color has-text-color\"><strong>ab 20 Laufmeter<\/strong><\/p>\n<!-- \/wp:paragraph -->\n\n<!-- wp:paragraph {\"textColor\":\"black\"} -->\n<p class=\"has-black-color has-text-color\">H\u00f6he 100mm      Fr.\/Lm                  10.00            59.00                                                9.00        25.00<\/p>\n<!-- \/wp:paragraph -->\n\n<!-- wp:paragraph {\"textColor\":\"black\"} -->\n<p class=\"has-black-color has-text-color\">H\u00f6he 200mm      Fr.\/Lm                31.00          115.00                                               17.00         43.00<\/p>\n<!-- \/wp:paragraph -->\n\n<!-- wp:paragraph {\"textColor\":\"black\"} -->\n<p class=\"has-black-color has-text-color\">H\u00f6he 300mm      Fr.\/Lm                70.00          160.00                                               25.00        70.00<\/p>\n<!-- \/wp:paragraph -->\n\n<!-- wp:paragraph -->\n<p><\/p>\n<!-- \/wp:paragraph -->\n\n<!-- wp:paragraph {\"textColor\":\"black\"} -->\n<p class=\"has-black-color has-text-color\">Bodenbefestigung pro Nagel angeschweisst 200mm        Fr.   9.00<\/p>\n<!-- \/wp:paragraph -->\n\n<!-- wp:paragraph {\"textColor\":\"black\"} -->\n<p class=\"has-black-color has-text-color\">Winkel Geschweisst                                                                   Fr. 25.00<\/p>\n<!-- \/wp:paragraph -->\n\n<!-- wp:paragraph {\"textColor\":\"black\"} -->\n<p class=\"has-black-color has-text-color\">Weg-Bogen (Radius) pro Lm                                                   Fr. 45.00<\/p>\n<!-- \/wp:paragraph -->\n\n<!-- wp:paragraph {\"textColor\":\"black\"} -->\n<p class=\"has-black-color has-text-color\">Verbindungen Geschraubt                                                       Fr. 28.00<\/p>\n<!-- \/wp:paragraph -->\n\n<!-- wp:paragraph {\"textColor\":\"black\"} -->\n<p class=\"has-black-color has-text-color\">Weitere Masse auf Anfrage<\/p>\n<!-- \/wp:paragraph -->","_et_gb_content_width":""},"_links":{"self":[{"href":"https:\/\/www.steinkorb-zenter.ch\/index.php?rest_route=\/wp\/v2\/pages\/537"}],"collection":[{"href":"https:\/\/www.steinkorb-zenter.ch\/index.php?rest_route=\/wp\/v2\/pages"}],"about":[{"href":"https:\/\/www.steinkorb-zenter.ch\/index.php?rest_route=\/wp\/v2\/types\/page"}],"author":[{"embeddable":true,"href":"https:\/\/www.steinkorb-zenter.ch\/index.php?rest_route=\/wp\/v2\/users\/1"}],"replies":[{"embeddable":true,"href":"https:\/\/www.steinkorb-zenter.ch\/index.php?rest_route=%2Fwp%2Fv2%2Fcomments&post=537"}],"version-history":[{"count":26,"href":"https:\/\/www.steinkorb-zenter.ch\/index.php?rest_route=\/wp\/v2\/pages\/537\/revisions"}],"predecessor-version":[{"id":1228,"href":"https:\/\/www.steinkorb-zenter.ch\/index.php?rest_route=\/wp\/v2\/pages\/537\/revisions\/1228"}],"wp:attachment":[{"href":"https:\/\/www.steinkorb-zenter.ch\/index.php?rest_route=%2Fwp%2Fv2%2Fmedia&parent=537"}],"curies":[{"name":"wp","href":"https:\/\/api.w.org\/{rel}","templated":true}]}}