{"id":434,"date":"2020-06-07T17:38:45","date_gmt":"2020-06-07T15:38:45","guid":{"rendered":"https:\/\/www.steinkorb-zenter.ch\/?page_id=434"},"modified":"2021-09-19T11:28:09","modified_gmt":"2021-09-19T09:28:09","slug":"corten-stahl","status":"publish","type":"page","link":"https:\/\/www.steinkorb-zenter.ch\/?page_id=434","title":{"rendered":"Corten-Stahl"},"content":{"rendered":"\n<p class=\"has-black-color has-text-color has-medium-font-size\"><strong>Was ist Corten-Stahl?<\/strong><\/p>\n\n\n\n<p class=\"has-black-color has-text-color\">Corten-Stahl ist ein Werkstoff der auf der Oberfl\u00e4che eine Rost-Patina bildet. Welche vor dem Durchrosten und Weiterrosten gesch\u00fctzt wird. Im Gegensatz zum herk\u00f6mmlichen Baustahl rostet dieser immer weiter&#8230;<\/p>\n\n\n\n<p class=\"has-black-color has-text-color\">Der Corten-Stahl Lebt, er ver\u00e4ndert die Farbe und Struktur in der Oberfl\u00e4che durch die Witterungseinfl\u00fcsse. Somit Zeitlos&#8230;..<\/p>\n\n\n\n<p class=\"has-black-color has-text-color\">Corten-Stahl braucht keine Pflege.<\/p>\n\n\n\n<p class=\"has-black-color has-text-color\">Corten-Stahl ist in nahe zu allen Gr\u00f6ssen und Materialdicken erh\u00e4ltlich.<\/p>\n\n\n\n<figure class=\"wp-container-2 wp-block-gallery-1 wp-block-gallery columns-3 is-cropped\"><ul class=\"blocks-gallery-grid\"><li class=\"blocks-gallery-item\"><figure><img loading=\"lazy\" width=\"768\" height=\"1024\" src=\"https:\/\/www.steinkorb-zenter.ch\/wp-content\/uploads\/2021\/07\/Hochbeet-ausgeschnitten-1500pix-768x1024.png\" alt=\"\" data-id=\"1017\" data-link=\"https:\/\/www.steinkorb-zenter.ch\/?attachment_id=1017\" class=\"wp-image-1017\"\/><\/figure><\/li><li class=\"blocks-gallery-item\"><figure><img loading=\"lazy\" width=\"768\" height=\"1024\" src=\"https:\/\/www.steinkorb-zenter.ch\/wp-content\/uploads\/2021\/07\/IMG-20200514-WA0010-768x1024.jpg\" alt=\"\" data-id=\"1018\" data-link=\"https:\/\/www.steinkorb-zenter.ch\/?attachment_id=1018\" class=\"wp-image-1018\"\/><\/figure><\/li><li class=\"blocks-gallery-item\"><figure><img loading=\"lazy\" width=\"1024\" height=\"768\" src=\"https:\/\/www.steinkorb-zenter.ch\/wp-content\/uploads\/2021\/07\/IMG_20210301_185249_5-1024x768.jpg\" alt=\"\" data-id=\"1020\" data-link=\"https:\/\/www.steinkorb-zenter.ch\/?attachment_id=1020\" class=\"wp-image-1020\" srcset=\"https:\/\/www.steinkorb-zenter.ch\/wp-content\/uploads\/2021\/07\/IMG_20210301_185249_5-980x735.jpg 980w, https:\/\/www.steinkorb-zenter.ch\/wp-content\/uploads\/2021\/07\/IMG_20210301_185249_5-480x360.jpg 480w\" sizes=\"(min-width: 0px) and (max-width: 480px) 480px, (min-width: 481px) and (max-width: 980px) 980px, (min-width: 981px) 1024px, 100vw\" \/><\/figure><\/li><li class=\"blocks-gallery-item\"><figure><img loading=\"lazy\" width=\"768\" height=\"1024\" src=\"https:\/\/www.steinkorb-zenter.ch\/wp-content\/uploads\/2021\/07\/IMG_Fertig-bearbeitet-768x1024.jpg\" alt=\"\" data-id=\"1021\" data-link=\"https:\/\/www.steinkorb-zenter.ch\/?attachment_id=1021\" class=\"wp-image-1021\"\/><\/figure><\/li><li class=\"blocks-gallery-item\"><figure><img loading=\"lazy\" width=\"768\" height=\"1024\" src=\"https:\/\/www.steinkorb-zenter.ch\/wp-content\/uploads\/2021\/09\/IMG-20210910-WA0008.jpg\" alt=\"\" data-id=\"1042\" data-full-url=\"https:\/\/www.steinkorb-zenter.ch\/wp-content\/uploads\/2021\/09\/IMG-20210910-WA0008.jpg\" data-link=\"https:\/\/www.steinkorb-zenter.ch\/?attachment_id=1042\" class=\"wp-image-1042\" srcset=\"https:\/\/www.steinkorb-zenter.ch\/wp-content\/uploads\/2021\/09\/IMG-20210910-WA0008.jpg 768w, https:\/\/www.steinkorb-zenter.ch\/wp-content\/uploads\/2021\/09\/IMG-20210910-WA0008-480x640.jpg 480w\" sizes=\"(min-width: 0px) and (max-width: 480px) 480px, (min-width: 481px) 768px, 100vw\" \/><\/figure><\/li><\/ul><\/figure>\n\n\n\n<p>&nbsp;<\/p>\n","protected":false},"excerpt":{"rendered":"<p>Was ist Corten-Stahl? Corten-Stahl ist ein Werkstoff der auf der Oberfl\u00e4che eine Rost-Patina bildet. Welche vor dem Durchrosten und Weiterrosten gesch\u00fctzt wird. Im Gegensatz zum herk\u00f6mmlichen Baustahl rostet dieser immer weiter&#8230; Der Corten-Stahl Lebt, er ver\u00e4ndert die Farbe und Struktur in der Oberfl\u00e4che durch die Witterungseinfl\u00fcsse. Somit Zeitlos&#8230;.. Corten-Stahl braucht keine Pflege. Corten-Stahl ist in [&hellip;]<\/p>\n","protected":false},"author":1,"featured_media":0,"parent":0,"menu_order":0,"comment_status":"closed","ping_status":"closed","template":"","meta":{"_et_pb_use_builder":"off","_et_pb_old_content":"<!-- wp:paragraph {\"textColor\":\"black\",\"fontSize\":\"medium\"} -->\n<p class=\"has-black-color has-text-color has-medium-font-size\"><strong>Was ist Corten-Stahl?<\/strong><\/p>\n<!-- \/wp:paragraph -->\n\n<!-- wp:paragraph {\"textColor\":\"black\"} -->\n<p class=\"has-black-color has-text-color\">Corten-Stahl ist ein Werkstoff der auf der Oberfl\u00e4che eine Rost-Patina bildet. Welche vor dem Durchrosten und Weiterrosten gesch\u00fctzt wird. Im Gegensatz zum herk\u00f6mmlichen Baustahl rostet dieser immer weiter...<\/p>\n<!-- \/wp:paragraph -->\n\n<!-- wp:paragraph {\"textColor\":\"black\"} -->\n<p class=\"has-black-color has-text-color\">Der Corten-Stahl Lebt, er ver\u00e4ndert die Farbe und Struktur in der Oberfl\u00e4che durch die Witterungseinfl\u00fcsse. Somit Zeitlos.....<\/p>\n<!-- \/wp:paragraph -->\n\n<!-- wp:paragraph {\"textColor\":\"black\"} -->\n<p class=\"has-black-color has-text-color\">Corten-Stahl braucht keine Pflege.<\/p>\n<!-- \/wp:paragraph -->\n\n<!-- wp:paragraph {\"textColor\":\"black\"} -->\n<p class=\"has-black-color has-text-color\">Corten-Stahl ist in nahe zu allen Gr\u00f6ssen und Materialdicken erh\u00e4ltlich.<\/p>\n<!-- \/wp:paragraph -->\n\n<!-- wp:paragraph -->\n<p>&nbsp;<\/p>\n<!-- \/wp:paragraph -->","_et_gb_content_width":""},"_links":{"self":[{"href":"https:\/\/www.steinkorb-zenter.ch\/index.php?rest_route=\/wp\/v2\/pages\/434"}],"collection":[{"href":"https:\/\/www.steinkorb-zenter.ch\/index.php?rest_route=\/wp\/v2\/pages"}],"about":[{"href":"https:\/\/www.steinkorb-zenter.ch\/index.php?rest_route=\/wp\/v2\/types\/page"}],"author":[{"embeddable":true,"href":"https:\/\/www.steinkorb-zenter.ch\/index.php?rest_route=\/wp\/v2\/users\/1"}],"replies":[{"embeddable":true,"href":"https:\/\/www.steinkorb-zenter.ch\/index.php?rest_route=%2Fwp%2Fv2%2Fcomments&post=434"}],"version-history":[{"count":10,"href":"https:\/\/www.steinkorb-zenter.ch\/index.php?rest_route=\/wp\/v2\/pages\/434\/revisions"}],"predecessor-version":[{"id":1043,"href":"https:\/\/www.steinkorb-zenter.ch\/index.php?rest_route=\/wp\/v2\/pages\/434\/revisions\/1043"}],"wp:attachment":[{"href":"https:\/\/www.steinkorb-zenter.ch\/index.php?rest_route=%2Fwp%2Fv2%2Fmedia&parent=434"}],"curies":[{"name":"wp","href":"https:\/\/api.w.org\/{rel}","templated":true}]}}