{"id":396,"date":"2020-05-17T12:01:36","date_gmt":"2020-05-17T10:01:36","guid":{"rendered":"https:\/\/www.steinkorb-zenter.ch\/?page_id=396"},"modified":"2026-03-04T07:55:57","modified_gmt":"2026-03-04T06:55:57","slug":"occasion-und-vorfuehrmodelle","status":"publish","type":"page","link":"https:\/\/www.steinkorb-zenter.ch\/?page_id=396","title":{"rendered":"Occasion- und Vorf\u00fchrmodelle"},"content":{"rendered":"\n<p class=\"has-vivid-cyan-blue-color has-text-color\"><strong>Hier finden Sie g\u00fcnstige Lagerverkauf-Modelle, Occassionen, Massabweichenung<\/strong><\/p>\n\n\n\n<p>_________________________________________________________<\/p>\n\n\n\n<p class=\"has-text-color\" style=\"color:#a30011\">Steinkorb-Briefkasten 2er Breit<\/p>\n\n\n\n<figure class=\"wp-block-image size-large is-resized\"><img loading=\"lazy\" src=\"https:\/\/www.steinkorb-zenter.ch\/wp-content\/uploads\/2023\/11\/IMG_20231113_154447-768x1024.jpg\" alt=\"\" class=\"wp-image-1273\" width=\"221\" height=\"295\"\/><\/figure>\n\n\n\n<p><\/p>\n\n\n\n<p class=\"has-text-color\" style=\"color:#a30011\"> Neu-Preis 565.00&nbsp;&nbsp; zum Preis 350.00 <\/p>\n\n\n\n<p>H\u00f6he: 1040mm<\/p>\n\n\n\n<p>Breite: 1040mm<\/p>\n\n\n\n<p>Tiefe: 320mm<\/p>\n\n\n\n<p>Gr\u00f6sse Ausschnitt Briefkasten Breite 825mm, H\u00f6he 310mm<\/p>\n\n\n\n<p>_________________________________________________________________<\/p>\n\n\n\n<p>S\u00e4ule Rund f\u00fcr Blumen-Deko<\/p>\n\n\n\n<figure class=\"wp-container-2 wp-block-gallery-1 wp-block-gallery has-nested-images columns-default is-cropped\">\n<figure class=\"wp-block-image size-large\"><img loading=\"lazy\" width=\"768\" height=\"1024\" data-id=\"1312\"  src=\"https:\/\/www.steinkorb-zenter.ch\/wp-content\/uploads\/2023\/12\/IMG_20231218_160530-768x1024.jpg\" alt=\"\" class=\"wp-image-1312\"\/><\/figure>\n\n\n\n<figure class=\"wp-block-image size-large\"><img loading=\"lazy\" width=\"3120\" height=\"4160\" data-id=\"281\"  src=\"https:\/\/www.steinkorb-zenter.ch\/wp-content\/uploads\/2019\/06\/S\u00e4ule-Deko-Blumen-gross.jpg\" alt=\"\" class=\"wp-image-281\" srcset=\"https:\/\/www.steinkorb-zenter.ch\/wp-content\/uploads\/2019\/06\/S\u00e4ule-Deko-Blumen-gross.jpg 3120w, https:\/\/www.steinkorb-zenter.ch\/wp-content\/uploads\/2019\/06\/S\u00e4ule-Deko-Blumen-gross-225x300.jpg 225w, https:\/\/www.steinkorb-zenter.ch\/wp-content\/uploads\/2019\/06\/S\u00e4ule-Deko-Blumen-gross-768x1024.jpg 768w\" sizes=\"(max-width: 3120px) 100vw, 3120px\" \/><\/figure>\n<\/figure>\n\n\n\n<p>Mit Steinen, ab Platz Fr. 200.00  <\/p>\n\n\n\n<p>Neupreis Fr. 265.00<\/p>\n\n\n\n<p>Durchmesser 300 mm H\u00f6he 1000mm<\/p>\n\n\n\n<p>Ist auf der Pallette Fixiert<\/p>\n\n\n\n<p>_____________________________________________________________________<\/p>\n\n\n\n<p class=\"has-text-color\" style=\"color:#a30011\">Steinkorb-Briefkasten extra Breit Briefkasten durchgehend<\/p>\n\n\n\n<figure class=\"wp-block-image size-large is-resized\"><img loading=\"lazy\" src=\"https:\/\/www.steinkorb-zenter.ch\/wp-content\/uploads\/2023\/11\/IMG_20231113_154321-768x1024.jpg\" alt=\"\" class=\"wp-image-1275\" width=\"376\" height=\"501\"\/><\/figure>\n\n\n\n<p class=\"has-text-color\" style=\"color:#a30011\"> Neu-Preis 390.00&nbsp;&nbsp; zum Preis 280.00 <\/p>\n\n\n\n<p>H\u00f6he: 1160mm<\/p>\n\n\n\n<p>Breite: 880mm<\/p>\n\n\n\n<p>Tiefe: 240mm<\/p>\n\n\n\n<p class=\"has-blue-color has-text-color\">Gr\u00f6sse Ausschnitt Briefkasten Breite 435mm, H\u00f6he 315mm<\/p>\n\n\n\n<p>______________________________________________________________________<\/p>\n\n\n\n<p class=\"has-vivid-red-color has-text-color\">-2 Stk. Sichtschutz Steink\u00f6rbe ohne Steine <strong>Neu<\/strong><\/p>\n\n\n\n<div class=\"wp-container-3 wp-block-group\"><div class=\"wp-block-group__inner-container\">\n<figure class=\"wp-block-image size-large is-resized\"><img loading=\"lazy\" src=\"https:\/\/www.steinkorb-zenter.ch\/wp-content\/uploads\/2023\/09\/IMG_20201219_123648_4-1024x814.jpg\" alt=\"\" class=\"wp-image-1263\" width=\"568\" height=\"451\"\/><\/figure>\n<\/div><\/div>\n\n\n\n<p class=\"has-vivid-red-color has-text-color\"><\/p>\n\n\n\n<p class=\"has-vivid-red-color has-text-color\">-1 Stk. Sichtschutz Steinkorb ohne Steine <strong>Neu<\/strong><\/p>\n\n\n\n<p>Gr\u00f6sse: H\u00f6he 160cm, L\u00e4nge 180cm, Tiefe 24cm<\/p>\n\n\n\n<p>Neupreis St\u00fcck Fr. 580.00 ab Platz pro St\u00fcck Fr. 200.00<\/p>\n\n\n\n<p><\/p>\n\n\n\n<p class=\"has-vivid-red-color has-text-color\">-1 Stk. Sichtschutz Steinkorb ohne Steine <strong>Neu<\/strong><\/p>\n\n\n\n<p>Gr\u00f6sse: H\u00f6he 120cm, L\u00e4nge 130cm, Tiefe 44cm<\/p>\n\n\n\n<p>Neupreis St\u00fcck Fr. 370.00 ab Platz pro St\u00fcck Fr. 100.00<\/p>\n\n\n\n<p><\/p>\n\n\n\n<p class=\"has-vivid-red-color has-text-color\">-4 Stk. Sichtschutz Steinkorb ohne Steine <strong>Neu<\/strong><\/p>\n\n\n\n<p>Gr\u00f6sse: H\u00f6he 120cm, L\u00e4nge 200cm, Tiefe 33cm<\/p>\n\n\n\n<p>Neupreis St\u00fcck Fr. 495.00 ab Platz pro St\u00fcck Fr. 200.00<\/p>\n\n\n\n<p class=\"has-vivid-red-color has-text-color\">-1 Stk. Sichtschutz Steinkorb ohne Steine <strong>Neu<\/strong><\/p>\n\n\n\n<p>Gr\u00f6sse: H\u00f6he 120cm, L\u00e4nge 152cm, Tiefe 33cm<\/p>\n\n\n\n<p>Neupreis St\u00fcck Fr. 380.00 ab Platz pro St\u00fcck Fr. 150.00<\/p>\n\n\n\n<p><\/p>\n\n\n\n<p><\/p>\n\n\n\n<!--nextpage-->\n\n\n\n<figure class=\"wp-container-5 wp-block-gallery-4 wp-block-gallery has-nested-images columns-default is-cropped\">\n<figure class=\"wp-block-image size-large\"><img loading=\"lazy\" width=\"1024\" height=\"931\" data-id=\"399\"  src=\"https:\/\/www.steinkorb-zenter.ch\/wp-content\/uploads\/2020\/05\/Kr\u00e4uterspirale-Klein-1024x931.jpg\" alt=\"\" class=\"wp-image-399\" srcset=\"https:\/\/www.steinkorb-zenter.ch\/wp-content\/uploads\/2020\/05\/Kr\u00e4uterspirale-Klein-1024x931.jpg 1024w, https:\/\/www.steinkorb-zenter.ch\/wp-content\/uploads\/2020\/05\/Kr\u00e4uterspirale-Klein-300x273.jpg 300w, https:\/\/www.steinkorb-zenter.ch\/wp-content\/uploads\/2020\/05\/Kr\u00e4uterspirale-Klein-768x698.jpg 768w, https:\/\/www.steinkorb-zenter.ch\/wp-content\/uploads\/2020\/05\/Kr\u00e4uterspirale-Klein.jpg 1069w\" sizes=\"(max-width: 1024px) 100vw, 1024px\" \/><\/figure>\n<\/figure>\n\n\n\n<p class=\"has-text-color\" style=\"color:#a30011\">Kr\u00e4uterspirale Klein TYP 1 Durchmesser 100cm H\u00f6he 52cm mit Transportschaden, nur das Gitter. Neu-Preis Fr. 385.00&nbsp;&nbsp;&nbsp;&nbsp;&nbsp; zum Preis Fr. 100.00<\/p>\n\n\n\n<!--nextpage-->\n\n\n\n<figure class=\"wp-container-7 wp-block-gallery-6 wp-block-gallery has-nested-images columns-default is-cropped\">\n<figure class=\"wp-block-image size-large\"><img loading=\"lazy\" width=\"768\" height=\"1024\" data-id=\"405\"  src=\"https:\/\/www.steinkorb-zenter.ch\/wp-content\/uploads\/2020\/05\/IMG_20200517_103626_8-768x1024.jpg\" alt=\"\" class=\"wp-image-405\" srcset=\"https:\/\/www.steinkorb-zenter.ch\/wp-content\/uploads\/2020\/05\/IMG_20200517_103626_8-768x1024.jpg 768w, https:\/\/www.steinkorb-zenter.ch\/wp-content\/uploads\/2020\/05\/IMG_20200517_103626_8-225x300.jpg 225w, https:\/\/www.steinkorb-zenter.ch\/wp-content\/uploads\/2020\/05\/IMG_20200517_103626_8-1152x1536.jpg 1152w, https:\/\/www.steinkorb-zenter.ch\/wp-content\/uploads\/2020\/05\/IMG_20200517_103626_8-1536x2048.jpg 1536w, https:\/\/www.steinkorb-zenter.ch\/wp-content\/uploads\/2020\/05\/IMG_20200517_103626_8-scaled.jpg 1920w\" sizes=\"(max-width: 768px) 100vw, 768px\" \/><\/figure>\n<\/figure>\n\n\n\n<p class=\"has-text-color\" style=\"color:#a30011\">Steinkorb-Briefkasten Wella, Ausstellungmodell, so wie auf dem Foto ersichtlich mit Steine und Briefkasten, Neu-Preis 970.00&nbsp;&nbsp; zum Preis 250.00 <\/p>\n\n\n\n<p>H\u00f6he: 800 mm<\/p>\n\n\n\n<p>Breite: 600 mm<\/p>\n\n\n\n<p>Tiefe: 600 mm<\/p>\n\n\n\n<p class=\"has-blue-color has-text-color\">Wir haben noch&nbsp;einen weiteren solchen leeren Steinkorb-Briefkasten Wella zum <\/p>\n\n\n\n<p class=\"has-blue-color has-text-color\">Neu-Preis&nbsp; Fr.&nbsp; 565.00&nbsp;&nbsp; zum Preis Fr. 250.00<\/p>\n\n\n\n<!--nextpage-->\n\n\n\n<p>________________________________________________________<\/p>\n\n\n\n<figure class=\"wp-block-image size-large is-resized is-style-default\"><img loading=\"lazy\" src=\"https:\/\/www.steinkorb-zenter.ch\/wp-content\/uploads\/2022\/07\/IMG_20200517_103636_2-768x1024.jpg\" alt=\"\" class=\"wp-image-1192\" width=\"371\" height=\"495\"\/><figcaption>Grill-Stelle<\/figcaption><\/figure>\n\n\n\n<p>Ausstellungsmodell<\/p>\n\n\n\n<p>H\u00f6he: 800 mm  Breite: 600 mm  Tiefe: 600 mm<\/p>\n\n\n\n<p>Neu-Preis Fr. 580.00<\/p>\n\n\n\n<p class=\"has-vivid-red-color has-text-color\">Fr. 250.00 muss selbst Demontiert werden<\/p>\n\n\n\n<p><\/p>\n\n\n\n<p><\/p>\n\n\n\n<p><\/p>\n","protected":false},"excerpt":{"rendered":"<p>Hier finden Sie g\u00fcnstige Lagerverkauf-Modelle, Occassionen, Massabweichenung _________________________________________________________ Steinkorb-Briefkasten 2er Breit Neu-Preis 565.00&nbsp;&nbsp; zum Preis 350.00 H\u00f6he: 1040mm Breite: 1040mm Tiefe: 320mm Gr\u00f6sse Ausschnitt Briefkasten Breite 825mm, H\u00f6he 310mm _________________________________________________________________ S\u00e4ule Rund f\u00fcr Blumen-Deko Mit Steinen, ab Platz Fr. 200.00 Neupreis Fr. 265.00 Durchmesser 300 mm H\u00f6he 1000mm Ist auf der Pallette Fixiert _____________________________________________________________________ Steinkorb-Briefkasten [&hellip;]<\/p>\n","protected":false},"author":1,"featured_media":0,"parent":0,"menu_order":0,"comment_status":"closed","ping_status":"closed","template":"","meta":{"_et_pb_use_builder":"","_et_pb_old_content":"","_et_gb_content_width":""},"_links":{"self":[{"href":"https:\/\/www.steinkorb-zenter.ch\/index.php?rest_route=\/wp\/v2\/pages\/396"}],"collection":[{"href":"https:\/\/www.steinkorb-zenter.ch\/index.php?rest_route=\/wp\/v2\/pages"}],"about":[{"href":"https:\/\/www.steinkorb-zenter.ch\/index.php?rest_route=\/wp\/v2\/types\/page"}],"author":[{"embeddable":true,"href":"https:\/\/www.steinkorb-zenter.ch\/index.php?rest_route=\/wp\/v2\/users\/1"}],"replies":[{"embeddable":true,"href":"https:\/\/www.steinkorb-zenter.ch\/index.php?rest_route=%2Fwp%2Fv2%2Fcomments&post=396"}],"version-history":[{"count":23,"href":"https:\/\/www.steinkorb-zenter.ch\/index.php?rest_route=\/wp\/v2\/pages\/396\/revisions"}],"predecessor-version":[{"id":1381,"href":"https:\/\/www.steinkorb-zenter.ch\/index.php?rest_route=\/wp\/v2\/pages\/396\/revisions\/1381"}],"wp:attachment":[{"href":"https:\/\/www.steinkorb-zenter.ch\/index.php?rest_route=%2Fwp%2Fv2%2Fmedia&parent=396"}],"curies":[{"name":"wp","href":"https:\/\/api.w.org\/{rel}","templated":true}]}}